{"id":110,"date":"2016-07-23T14:34:55","date_gmt":"2016-07-23T13:34:55","guid":{"rendered":"http:\/\/villaverdevaldisole.it\/de\/?page_id=110"},"modified":"2017-03-23T16:38:30","modified_gmt":"2017-03-23T16:38:30","slug":"fotogallerie","status":"publish","type":"page","link":"https:\/\/www.villaverdevaldisole.it\/de\/fotogallerie\/","title":{"rendered":"Fotogallerie"},"content":{"rendered":"<p>Alle Fotos unserer Wohnungen in Val di Sole, Trentino.<\/p>\n<p>Entdecken Sie das Val di Sole und Aktivit\u00e4ten in den Bergen k\u00f6nnen Sie im Sommer und Winter in Trentino durch unsere Fotogalerien genie\u00dfen.<\/p>\n<p>Im Sommer in den Bergen Sie alle Disziplinen \u00fcben k\u00f6nnen, ist es ein gro\u00dfes nat\u00fcrliches Fitness-Studio und ideal f\u00fcr Sportbegeisterte.<\/p>\n<p>Im Sportzentrum k\u00f6nnen Sie Tennis, Basketball, Minigolf, Bogenschie\u00dfen , Reiten, w\u00e4hrend in den Zentren geben Ihnen die M\u00f6glichkeit, spielen sch\u00f6ne Tage an der frischen Luft zu verbringen, sowie der Fahrradweg schl\u00e4ngelt sich entlang des Flusses Noce.<br \/>\nProbieren Sie Canyoning, Kanufahren , Rafting. Diejenigen, die lieber zu Fu\u00df gehen, zus\u00e4tzlich zu Wandern auf gef\u00fchrte Touren k\u00f6nnen sie beim Nordic Walking versuchen. Und f\u00fcr die Kleinen gibt es Erlebnisparks und Ausfl\u00fcge.<\/p>\n<p>Im Winter sind die M\u00f6glichkeiten vielf\u00e4ltig und Skifahren ist einer von ihnen. Es gibt verschiedene M\u00f6glichkeiten des Skifahrens: Langlaufen , Skifahren, Snowboarden und Ski alpin. Die traditionellste sind Schneeschuhwanderungen (Schneeschuhe ), Nordic Walking, Eislaufen, Reiten (auf einem Schlitten gezogen von Pferden reiten). Und f\u00fcr Kinder Snowparks , Skischulen reservieren, die Kurse und Spiele organisieren und Dienstleistungen Babysitting .<\/p>\n","protected":false},"excerpt":{"rendered":"<p>Alle Fotos unserer Wohnungen in Val di Sole, Trentino. Entdecken Sie das Val di Sole und Aktivit\u00e4ten in den Bergen k\u00f6nnen Sie im Sommer und Winter in Trentino durch unsere Fotogalerien genie\u00dfen. Im Sommer in den Bergen Sie alle Disziplinen \u00fcben k\u00f6nnen, ist es ein gro\u00dfes nat\u00fcrliches Fitness-Studio und ideal f\u00fcr Sportbegeisterte. Im Sportzentrum k\u00f6nnen [&hellip;]<\/p>\n","protected":false},"author":2,"featured_media":0,"parent":0,"menu_order":0,"comment_status":"closed","ping_status":"closed","template":"template-gallery.php","meta":[],"yoast_head":"<!-- This site is optimized with the Yoast SEO plugin v16.0.2 - https:\/\/yoast.com\/wordpress\/plugins\/seo\/ -->\n<title>Alle Fotos unserer Wohnungen in Val di Sole, Trentino<\/title>\n<meta name=\"description\" content=\"Entdecken Sie das Val di Sole und alle die Aktivit\u00e4ten, die Sie im Sommer und Winter in Trentino machen k\u00f6nnen, durch unsere Fotogalerie.\" \/>\n<meta name=\"robots\" content=\"index, follow, max-snippet:-1, max-image-preview:large, max-video-preview:-1\" \/>\n<link rel=\"canonical\" href=\"https:\/\/www.villaverdevaldisole.it\/de\/fotogallerie\/\" \/>\n<meta property=\"og:locale\" content=\"de_DE\" \/>\n<meta property=\"og:type\" content=\"article\" \/>\n<meta property=\"og:title\" content=\"Alle Fotos unserer Wohnungen in Val di Sole, Trentino\" \/>\n<meta property=\"og:description\" content=\"Entdecken Sie das Val di Sole und alle die Aktivit\u00e4ten, die Sie im Sommer und Winter in Trentino machen k\u00f6nnen, durch unsere Fotogalerie.\" \/>\n<meta property=\"og:url\" content=\"https:\/\/www.villaverdevaldisole.it\/de\/fotogallerie\/\" \/>\n<meta property=\"og:site_name\" content=\"Villa Verde - Val di Sole\" \/>\n<meta property=\"article:modified_time\" content=\"2017-03-23T16:38:30+00:00\" \/>\n<meta name=\"twitter:card\" content=\"summary\" \/>\n<meta name=\"twitter:label1\" content=\"Gesch\u00e4tzte Lesezeit\">\n\t<meta name=\"twitter:data1\" content=\"1 Minute\">\n<script type=\"application\/ld+json\" class=\"yoast-schema-graph\">{\"@context\":\"https:\/\/schema.org\",\"@graph\":[{\"@type\":\"WebSite\",\"@id\":\"https:\/\/www.villaverdevaldisole.it\/#website\",\"url\":\"https:\/\/www.villaverdevaldisole.it\/\",\"name\":\"Villa Verde - Val di Sole\",\"description\":\"Il sito degli appartamenti Villa Verde in Val di Sole, Trentino.\",\"potentialAction\":[{\"@type\":\"SearchAction\",\"target\":\"https:\/\/www.villaverdevaldisole.it\/?s={search_term_string}\",\"query-input\":\"required name=search_term_string\"}],\"inLanguage\":\"de-DE\"},{\"@type\":\"WebPage\",\"@id\":\"https:\/\/www.villaverdevaldisole.it\/de\/fotogallerie\/#webpage\",\"url\":\"https:\/\/www.villaverdevaldisole.it\/de\/fotogallerie\/\",\"name\":\"Alle Fotos unserer Wohnungen in Val di Sole, Trentino\",\"isPartOf\":{\"@id\":\"https:\/\/www.villaverdevaldisole.it\/#website\"},\"datePublished\":\"2016-07-23T13:34:55+00:00\",\"dateModified\":\"2017-03-23T16:38:30+00:00\",\"description\":\"Entdecken Sie das Val di Sole und alle die Aktivit\\u00e4ten, die Sie im Sommer und Winter in Trentino machen k\\u00f6nnen, durch unsere Fotogalerie.\",\"breadcrumb\":{\"@id\":\"https:\/\/www.villaverdevaldisole.it\/de\/fotogallerie\/#breadcrumb\"},\"inLanguage\":\"de-DE\",\"potentialAction\":[{\"@type\":\"ReadAction\",\"target\":[\"https:\/\/www.villaverdevaldisole.it\/de\/fotogallerie\/\"]}]},{\"@type\":\"BreadcrumbList\",\"@id\":\"https:\/\/www.villaverdevaldisole.it\/de\/fotogallerie\/#breadcrumb\",\"itemListElement\":[{\"@type\":\"ListItem\",\"position\":1,\"item\":{\"@type\":\"WebPage\",\"@id\":\"https:\/\/www.villaverdevaldisole.it\/de\/\",\"url\":\"https:\/\/www.villaverdevaldisole.it\/de\/\",\"name\":\"Home\"}},{\"@type\":\"ListItem\",\"position\":2,\"item\":{\"@type\":\"WebPage\",\"@id\":\"https:\/\/www.villaverdevaldisole.it\/de\/fotogallerie\/\",\"url\":\"https:\/\/www.villaverdevaldisole.it\/de\/fotogallerie\/\",\"name\":\"Fotogallerie\"}}]}]}<\/script>\n<!-- \/ Yoast SEO plugin. -->","_links":{"self":[{"href":"https:\/\/www.villaverdevaldisole.it\/de\/wp-json\/wp\/v2\/pages\/110\/"}],"collection":[{"href":"https:\/\/www.villaverdevaldisole.it\/de\/wp-json\/wp\/v2\/pages\/"}],"about":[{"href":"https:\/\/www.villaverdevaldisole.it\/de\/wp-json\/wp\/v2\/types\/page\/"}],"author":[{"embeddable":true,"href":"https:\/\/www.villaverdevaldisole.it\/de\/wp-json\/wp\/v2\/users\/2\/"}],"replies":[{"embeddable":true,"href":"https:\/\/www.villaverdevaldisole.it\/de\/wp-json\/wp\/v2\/comments\/?post=110"}],"version-history":[{"count":0,"href":"https:\/\/www.villaverdevaldisole.it\/de\/wp-json\/wp\/v2\/pages\/110\/revisions\/"}],"wp:attachment":[{"href":"https:\/\/www.villaverdevaldisole.it\/de\/wp-json\/wp\/v2\/media\/?parent=110"}],"curies":[{"name":"wp","href":"https:\/\/api.w.org\/{rel}","templated":true}]}}