{"id":59,"date":"2016-07-06T12:19:03","date_gmt":"2016-07-06T11:19:03","guid":{"rendered":"http:\/\/villaverdevaldisole.dev\/?page_id=59&#038;lang=de"},"modified":"2025-03-28T09:20:44","modified_gmt":"2025-03-28T09:20:44","slug":"home","status":"publish","type":"page","link":"https:\/\/www.villaverdevaldisole.it\/de\/","title":{"rendered":"Home"},"content":{"rendered":"<h1 style=\"text-align: center;\">Die villa\u00a0f\u00fcr einen Urlaub in den Bergen, inmitten der gr\u00fcnen Natur, des urspr\u00fcnglichen architektonischen Form, im Herzen des Trentino<\/h1>\n<p style=\"text-align: center;\"><em>Nah an der Naturpark Adamello Brenta und des Nationalparks Stilfser Joch, nur 1 km von Skizentrum von Marilleva 900.<\/em><strong><em><br \/>\n<\/em><\/strong><\/p>\n<ul>\n<li style=\"text-align: left;\"><strong><em>Free \u00a0wi-fi\u00a0<\/em><\/strong><\/li>\n<li style=\"text-align: left;\"><strong><em>beheizten Skiraum<\/em><\/strong><\/li>\n<li style=\"text-align: left;\"><strong><em>gro\u00dfer Garten mit Grill<\/em><\/strong><\/li>\n<\/ul>\n<p><strong><a class=\"highlight\" href=\"http:\/\/www.villaverdevaldisole.it\/de\/ferienwohnungen-in-val-di-sole\/\">Sehen Sie weitere Details von Wohnungen<\/a>\u00a0<\/strong><\/p>\n<p><strong>Unsere stellung.<\/strong><\/p>\n<p>Die Villa befindet sich nur 200 Meter vom Stadtzentrum von Mezzana, Mitte des Val di Sole, inmitten der gr\u00fcnen Natur,\u00a0f\u00fcr einen komfortablen Urlaub in den Bergen sowohl im Sommer als auch im Winter.<\/p>\n<p>Die Residenz befindet sich in einer sch\u00f6nen und sonnigen Lage, nur wenige Schritte vom Wald und vom Radweg und 1 km von Aufstiegsanlangen von Marilleva 900, die G\u00e4ste in c.ca 2 Minuten mit dem kostenlosen Bus erreichen k\u00f6nnen.<\/p>\n<h2>Das Haus f\u00fcr Ihren Urlaub<\/h2>\n<p>Ihr findet Komfort, Entspannung und Ruhe. Alles das, was eine guten Urlaub in den Bergen ausmacht. Ideal f\u00fcr die Familie, die Autonomie und die Freiheit, genauwie zu Hause, sucht.<\/p>\n<p>Die villa verf\u00fcgt \u00fcber sechs Wohnungen, die sich Gro\u00dfe Aufmerksamkeit und Liebe zum Details zeigen, mit einem gro\u00dfen Garten mit Tischen und Grill.<\/p>\n","protected":false},"excerpt":{"rendered":"<p>Die villa\u00a0f\u00fcr einen Urlaub in den Bergen, inmitten der gr\u00fcnen Natur, des urspr\u00fcnglichen architektonischen Form, im Herzen des Trentino Nah an der Naturpark Adamello Brenta und des Nationalparks Stilfser Joch, nur 1 km von Skizentrum von Marilleva 900. Free \u00a0wi-fi\u00a0 beheizten Skiraum gro\u00dfer Garten mit Grill Sehen Sie weitere Details von Wohnungen\u00a0 Unsere stellung. Die [&hellip;]<\/p>\n","protected":false},"author":2,"featured_media":0,"parent":0,"menu_order":0,"comment_status":"closed","ping_status":"closed","template":"template-homepage.php","meta":[],"yoast_head":"<!-- This site is optimized with the Yoast SEO plugin v16.0.2 - https:\/\/yoast.com\/wordpress\/plugins\/seo\/ -->\n<title>Residenz Marilleva - Mezzana: Wohnungen Val di Sole, Trentino<\/title>\n<meta name=\"description\" content=\"Suchen Sie nach Residence in Marilleva - Mezzana? Villa Verde bietet raffinierte Wohnungen in Val di Sole, im Herzen des Trentino.\" \/>\n<meta name=\"robots\" content=\"index, follow, max-snippet:-1, max-image-preview:large, max-video-preview:-1\" \/>\n<link rel=\"canonical\" href=\"https:\/\/www.villaverdevaldisole.it\/de\/\" \/>\n<meta property=\"og:locale\" content=\"de_DE\" \/>\n<meta property=\"og:type\" content=\"article\" \/>\n<meta property=\"og:title\" content=\"Residenz Marilleva - Mezzana: Wohnungen Val di Sole, Trentino\" \/>\n<meta property=\"og:description\" content=\"Suchen Sie nach Residence in Marilleva - Mezzana? Villa Verde bietet raffinierte Wohnungen in Val di Sole, im Herzen des Trentino.\" \/>\n<meta property=\"og:url\" content=\"https:\/\/www.villaverdevaldisole.it\/de\/\" \/>\n<meta property=\"og:site_name\" content=\"Villa Verde - Val di Sole\" \/>\n<meta property=\"article:modified_time\" content=\"2025-03-28T09:20:44+00:00\" \/>\n<meta name=\"twitter:card\" content=\"summary\" \/>\n<meta name=\"twitter:label1\" content=\"Gesch\u00e4tzte Lesezeit\">\n\t<meta name=\"twitter:data1\" content=\"1 Minute\">\n<script type=\"application\/ld+json\" class=\"yoast-schema-graph\">{\"@context\":\"https:\/\/schema.org\",\"@graph\":[{\"@type\":\"WebSite\",\"@id\":\"https:\/\/www.villaverdevaldisole.it\/#website\",\"url\":\"https:\/\/www.villaverdevaldisole.it\/\",\"name\":\"Villa Verde - Val di Sole\",\"description\":\"Il sito degli appartamenti Villa Verde in Val di Sole, Trentino.\",\"potentialAction\":[{\"@type\":\"SearchAction\",\"target\":\"https:\/\/www.villaverdevaldisole.it\/?s={search_term_string}\",\"query-input\":\"required name=search_term_string\"}],\"inLanguage\":\"de-DE\"},{\"@type\":\"WebPage\",\"@id\":\"https:\/\/www.villaverdevaldisole.it\/de\/#webpage\",\"url\":\"https:\/\/www.villaverdevaldisole.it\/de\/\",\"name\":\"Residenz Marilleva - Mezzana: Wohnungen Val di Sole, Trentino\",\"isPartOf\":{\"@id\":\"https:\/\/www.villaverdevaldisole.it\/#website\"},\"datePublished\":\"2016-07-06T11:19:03+00:00\",\"dateModified\":\"2025-03-28T09:20:44+00:00\",\"description\":\"Suchen Sie nach Residence in Marilleva - Mezzana? Villa Verde bietet raffinierte Wohnungen in Val di Sole, im Herzen des Trentino.\",\"breadcrumb\":{\"@id\":\"https:\/\/www.villaverdevaldisole.it\/de\/#breadcrumb\"},\"inLanguage\":\"de-DE\",\"potentialAction\":[{\"@type\":\"ReadAction\",\"target\":[\"https:\/\/www.villaverdevaldisole.it\/de\/\"]}]},{\"@type\":\"BreadcrumbList\",\"@id\":\"https:\/\/www.villaverdevaldisole.it\/de\/#breadcrumb\",\"itemListElement\":[{\"@type\":\"ListItem\",\"position\":1,\"item\":{\"@type\":\"WebPage\",\"@id\":\"https:\/\/www.villaverdevaldisole.it\/de\/\",\"url\":\"https:\/\/www.villaverdevaldisole.it\/de\/\",\"name\":\"Home\"}},{\"@type\":\"ListItem\",\"position\":2,\"item\":{\"@type\":\"WebPage\",\"@id\":\"https:\/\/www.villaverdevaldisole.it\/de\/\",\"url\":\"https:\/\/www.villaverdevaldisole.it\/de\/\",\"name\":\"Home\"}}]}]}<\/script>\n<!-- \/ Yoast SEO plugin. -->","_links":{"self":[{"href":"https:\/\/www.villaverdevaldisole.it\/de\/wp-json\/wp\/v2\/pages\/59\/"}],"collection":[{"href":"https:\/\/www.villaverdevaldisole.it\/de\/wp-json\/wp\/v2\/pages\/"}],"about":[{"href":"https:\/\/www.villaverdevaldisole.it\/de\/wp-json\/wp\/v2\/types\/page\/"}],"author":[{"embeddable":true,"href":"https:\/\/www.villaverdevaldisole.it\/de\/wp-json\/wp\/v2\/users\/2\/"}],"replies":[{"embeddable":true,"href":"https:\/\/www.villaverdevaldisole.it\/de\/wp-json\/wp\/v2\/comments\/?post=59"}],"version-history":[{"count":0,"href":"https:\/\/www.villaverdevaldisole.it\/de\/wp-json\/wp\/v2\/pages\/59\/revisions\/"}],"wp:attachment":[{"href":"https:\/\/www.villaverdevaldisole.it\/de\/wp-json\/wp\/v2\/media\/?parent=59"}],"curies":[{"name":"wp","href":"https:\/\/api.w.org\/{rel}","templated":true}]}}