{"id":78,"date":"2016-07-23T12:12:59","date_gmt":"2016-07-23T11:12:59","guid":{"rendered":"http:\/\/villaverdevaldisole.it\/de\/?page_id=78"},"modified":"2025-04-04T08:07:26","modified_gmt":"2025-04-04T07:07:26","slug":"ferienwohnung-preise","status":"publish","type":"page","link":"https:\/\/www.villaverdevaldisole.it\/de\/ferienwohnung-preise\/","title":{"rendered":"Preise"},"content":{"rendered":"<h2>Sommer Preise 2025<\/h2>\n<p><strong>Preise und Periode f\u00fcr w\u00f6chentliche Aufenthalte, Exklusive Kurtaxe (\u20ac 1,00 pro Person, pro Tag, von 14 Jahre alt)<\/strong><\/p>\n\n<table id=\"tablepress-4\" class=\"tablepress tablepress-id-4\">\n<thead>\n<tr class=\"row-1 odd\">\n\t<th class=\"column-1\">ZEIT<\/th><th class=\"column-2\">BILOCALE 2\/4 P.L.<\/th><th class=\"column-3\">TRILOCALE 4\/6 P.L.<\/th>\n<\/tr>\n<\/thead>\n<tbody>\n<tr class=\"row-2 even\">\n\t<td class=\"column-1\">Ab Saisonanfang bis zum 27.06.26<\/td><td class=\"column-2\">710,00<\/td><td class=\"column-3\">820,00<\/td>\n<\/tr>\n<tr class=\"row-3 odd\">\n\t<td class=\"column-1\">Ab 27.06.26 bis zum 04.07.26<\/td><td class=\"column-2\">830,00<\/td><td class=\"column-3\">930,00<\/td>\n<\/tr>\n<tr class=\"row-4 even\">\n\t<td class=\"column-1\">Ab 04.07.26 bis zum 11.07.26<\/td><td class=\"column-2\">870,00<\/td><td class=\"column-3\">970,00<\/td>\n<\/tr>\n<tr class=\"row-5 odd\">\n\t<td class=\"column-1\">Ab 11.07.26 bis zum 18.07.26<\/td><td class=\"column-2\">970,00<\/td><td class=\"column-3\">1.070,00<\/td>\n<\/tr>\n<tr class=\"row-6 even\">\n\t<td class=\"column-1\">Ab 18.07.26 bis zum 01.08.26<\/td><td class=\"column-2\">1.200,00<\/td><td class=\"column-3\">1.300,00<\/td>\n<\/tr>\n<tr class=\"row-7 odd\">\n\t<td class=\"column-1\">Ab 01.08.26 bis zum 08.08.26<\/td><td class=\"column-2\">1.300,00<\/td><td class=\"column-3\">1.400,00<\/td>\n<\/tr>\n<tr class=\"row-8 even\">\n\t<td class=\"column-1\">Ab 08.08.26 bis zum 22.08.26<\/td><td class=\"column-2\">1.400,00<\/td><td class=\"column-3\">1.500,00<\/td>\n<\/tr>\n<tr class=\"row-9 odd\">\n\t<td class=\"column-1\">Ab 22.08.26 bis zum 29.08.26<\/td><td class=\"column-2\">1.130,00<\/td><td class=\"column-3\">1.230,00<\/td>\n<\/tr>\n<tr class=\"row-10 even\">\n\t<td class=\"column-1\">Ab 29.08.26 bis zum 05.09.26<\/td><td class=\"column-2\">840,00<\/td><td class=\"column-3\">950,00<\/td>\n<\/tr>\n<tr class=\"row-11 odd\">\n\t<td class=\"column-1\">Ab 05.09.26 bis zum Ende der Saison<\/td><td class=\"column-2\">670,00<\/td><td class=\"column-3\">780,00<\/td>\n<\/tr>\n<\/tbody>\n<\/table>\n<!-- #tablepress-4 from cache -->\n<p>&nbsp;<\/p>\n<p><strong><span class=\"HwtZe\" lang=\"de\"><span class=\"jCAhz ChMk0b\"><span class=\"ryNqvb\">Wir informieren Sie, dass f\u00fcr Aufenthalte von weniger als 7 N\u00e4chten Zuschl\u00e4ge erhoben werden<\/span><\/span><\/span><\/strong><\/p>\n<p>&nbsp;<\/p>\n<div class=\"small-text\">\n<hr \/>\n<h3>Note:<\/h3>\n<ul>\n<li>Zulassung Tiere nur auf Anfrage<\/li>\n<li>Garage zur Verf\u00fcgung<\/li>\n<li>Es gibt die Gelegenheit das Hotel Salvadori Wellnesszentrum gegen<\/li>\n<\/ul>\n<hr \/>\n<h3>Im Preis nicht inbegriffen:<\/h3>\n<ul>\n<li><strong>Kaution : 200,00 Euro<\/strong> (Bei der Ankunft wird Bargeld verlangt \u2013 R\u00fcckerstattung an die Abreise).<\/li>\n<li><strong>Endreinigung 60,00 Euro<\/strong> (Bei der Ankunft wird Bargeld verlangt) K\u00fcchenecke, K\u00fchlschrank und Geschirr sollen sauber hinterlassen werden, andernfalls werden Euro 60,00 berechnet<\/li>\n<li><strong>Kurtaxe<\/strong><\/li>\n<li><strong>Trentino Guest Card<\/strong><\/li>\n<\/ul>\n<h3>Im Preis sind inbegriffen:<\/h3>\n<ul>\n<li>Verbrauch von elektrischer Energie<\/li>\n<li>Hei\u00dfes Wasser<\/li>\n<li>Kaltes Wasser<\/li>\n<li>Gas<\/li>\n<li>Internet<\/li>\n<li>Bettw\u00e4sche und Handt\u00fccher<\/li>\n<\/ul>\n<p><em>Die Wohnungen werden nach 17 Uhr am Anreisetag gegeben und sollen am Abreisetag um 10 Uhr frei gelassen werden.<\/em><\/p>\n<\/div>\n","protected":false},"excerpt":{"rendered":"<p>Sommer Preise 2025 Preise und Periode f\u00fcr w\u00f6chentliche Aufenthalte, Exklusive Kurtaxe (\u20ac 1,00 pro Person, pro Tag, von 14 Jahre alt) &nbsp; Wir informieren Sie, dass f\u00fcr Aufenthalte von weniger als 7 N\u00e4chten Zuschl\u00e4ge erhoben werden &nbsp; Note: Zulassung Tiere nur auf Anfrage Garage zur Verf\u00fcgung Es gibt die Gelegenheit das Hotel Salvadori Wellnesszentrum gegen [&hellip;]<\/p>\n","protected":false},"author":2,"featured_media":0,"parent":0,"menu_order":0,"comment_status":"closed","ping_status":"closed","template":"","meta":[],"yoast_head":"<!-- This site is optimized with the Yoast SEO plugin v16.0.2 - https:\/\/yoast.com\/wordpress\/plugins\/seo\/ -->\n<title>Preise der Ferienwohnung in Val di Sole, Trentino<\/title>\n<meta name=\"description\" content=\"Die Preise und die Angebote f\u00fcr unsere Wohnungen f\u00fcr Ihren Sommerurlaub in den Bergen in Mezzana Marilleva im Val di Sole.\" \/>\n<meta name=\"robots\" content=\"index, follow, max-snippet:-1, max-image-preview:large, max-video-preview:-1\" \/>\n<link rel=\"canonical\" href=\"https:\/\/www.villaverdevaldisole.it\/de\/ferienwohnung-preise\/\" \/>\n<meta property=\"og:locale\" content=\"de_DE\" \/>\n<meta property=\"og:type\" content=\"article\" \/>\n<meta property=\"og:title\" content=\"Preise der Ferienwohnung in Val di Sole, Trentino\" \/>\n<meta property=\"og:description\" content=\"Die Preise und die Angebote f\u00fcr unsere Wohnungen f\u00fcr Ihren Sommerurlaub in den Bergen in Mezzana Marilleva im Val di Sole.\" \/>\n<meta property=\"og:url\" content=\"https:\/\/www.villaverdevaldisole.it\/de\/ferienwohnung-preise\/\" \/>\n<meta property=\"og:site_name\" content=\"Villa Verde - Val di Sole\" \/>\n<meta property=\"article:modified_time\" content=\"2025-04-04T07:07:26+00:00\" \/>\n<meta name=\"twitter:card\" content=\"summary\" \/>\n<meta name=\"twitter:label1\" content=\"Gesch\u00e4tzte Lesezeit\">\n\t<meta name=\"twitter:data1\" content=\"1 Minute\">\n<script type=\"application\/ld+json\" class=\"yoast-schema-graph\">{\"@context\":\"https:\/\/schema.org\",\"@graph\":[{\"@type\":\"WebSite\",\"@id\":\"https:\/\/www.villaverdevaldisole.it\/#website\",\"url\":\"https:\/\/www.villaverdevaldisole.it\/\",\"name\":\"Villa Verde - Val di Sole\",\"description\":\"Il sito degli appartamenti Villa Verde in Val di Sole, Trentino.\",\"potentialAction\":[{\"@type\":\"SearchAction\",\"target\":\"https:\/\/www.villaverdevaldisole.it\/?s={search_term_string}\",\"query-input\":\"required name=search_term_string\"}],\"inLanguage\":\"de-DE\"},{\"@type\":\"WebPage\",\"@id\":\"https:\/\/www.villaverdevaldisole.it\/de\/ferienwohnung-preise\/#webpage\",\"url\":\"https:\/\/www.villaverdevaldisole.it\/de\/ferienwohnung-preise\/\",\"name\":\"Preise der Ferienwohnung in Val di Sole, Trentino\",\"isPartOf\":{\"@id\":\"https:\/\/www.villaverdevaldisole.it\/#website\"},\"datePublished\":\"2016-07-23T11:12:59+00:00\",\"dateModified\":\"2025-04-04T07:07:26+00:00\",\"description\":\"Die Preise und die Angebote f\\u00fcr unsere Wohnungen f\\u00fcr Ihren Sommerurlaub in den Bergen in Mezzana Marilleva im Val di Sole.\",\"breadcrumb\":{\"@id\":\"https:\/\/www.villaverdevaldisole.it\/de\/ferienwohnung-preise\/#breadcrumb\"},\"inLanguage\":\"de-DE\",\"potentialAction\":[{\"@type\":\"ReadAction\",\"target\":[\"https:\/\/www.villaverdevaldisole.it\/de\/ferienwohnung-preise\/\"]}]},{\"@type\":\"BreadcrumbList\",\"@id\":\"https:\/\/www.villaverdevaldisole.it\/de\/ferienwohnung-preise\/#breadcrumb\",\"itemListElement\":[{\"@type\":\"ListItem\",\"position\":1,\"item\":{\"@type\":\"WebPage\",\"@id\":\"https:\/\/www.villaverdevaldisole.it\/de\/\",\"url\":\"https:\/\/www.villaverdevaldisole.it\/de\/\",\"name\":\"Home\"}},{\"@type\":\"ListItem\",\"position\":2,\"item\":{\"@type\":\"WebPage\",\"@id\":\"https:\/\/www.villaverdevaldisole.it\/de\/ferienwohnung-preise\/\",\"url\":\"https:\/\/www.villaverdevaldisole.it\/de\/ferienwohnung-preise\/\",\"name\":\"Preise\"}}]}]}<\/script>\n<!-- \/ Yoast SEO plugin. -->","_links":{"self":[{"href":"https:\/\/www.villaverdevaldisole.it\/de\/wp-json\/wp\/v2\/pages\/78\/"}],"collection":[{"href":"https:\/\/www.villaverdevaldisole.it\/de\/wp-json\/wp\/v2\/pages\/"}],"about":[{"href":"https:\/\/www.villaverdevaldisole.it\/de\/wp-json\/wp\/v2\/types\/page\/"}],"author":[{"embeddable":true,"href":"https:\/\/www.villaverdevaldisole.it\/de\/wp-json\/wp\/v2\/users\/2\/"}],"replies":[{"embeddable":true,"href":"https:\/\/www.villaverdevaldisole.it\/de\/wp-json\/wp\/v2\/comments\/?post=78"}],"version-history":[{"count":0,"href":"https:\/\/www.villaverdevaldisole.it\/de\/wp-json\/wp\/v2\/pages\/78\/revisions\/"}],"wp:attachment":[{"href":"https:\/\/www.villaverdevaldisole.it\/de\/wp-json\/wp\/v2\/media\/?parent=78"}],"curies":[{"name":"wp","href":"https:\/\/api.w.org\/{rel}","templated":true}]}}