{"id":84,"date":"2016-07-23T12:25:28","date_gmt":"2016-07-23T11:25:28","guid":{"rendered":"http:\/\/villaverdevaldisole.it\/de\/?page_id=84"},"modified":"2017-03-23T15:47:23","modified_gmt":"2017-03-23T15:47:23","slug":"val-di-sole","status":"publish","type":"page","link":"https:\/\/www.villaverdevaldisole.it\/de\/val-di-sole\/","title":{"rendered":"Val di Sole"},"content":{"rendered":"<p>Das Val di Sole ist ein Tal des Trentino, die von mehreren Bergketten von gro\u00dfer Bedeutung umgeben ist, so wie die Brenta-Dolomiten, Adamello-und Ortler-Cevedale, Presanella. Die Berge sind in Adamello Brenta und Stilfser Joch Nationalpark eingeschlossen. Es gibt sogar zwei Seitent\u00e4ler von seltener Sch\u00f6nheit, Val di Rabbi und Val di Pejo, die spektakul\u00e4r gr\u00fcn sind und von den Gletschern umgeben.<\/p>\n<p>Ein Urlaub in Val di Sole ist ein &#8222;full immersion&#8220; in der Natur, die \u00fcberall unangefochten dominiert.<\/p>\n<p>Authentische Perle der Alpen, bietet Val di Sole eine unendliche Auswahl an Wandern, Walken, Wandern, Mountainbiken und viele andere Aktivit\u00e4ten, ideal f\u00fcr einen Urlaub in den Bergen mit Kindern.<\/p>\n<p><strong>Was k\u00f6nnen Sie in Val di Sole sehen?<\/strong><\/p>\n<p>Viele Aktivit\u00e4ten, von Sport Momenten, Freizeit und Kultur, Sommer- und Winterurlaub in den Bergen, als auch als Zeit zum Ausruhen jeden Tag in eine echte Entdeckung verwandeln kann.<\/p>\n<p>Es ist der perfekte Ort f\u00fcr einen Ausflug aus der Stadt Wanderungen und Ausfl\u00fcgen zu planen. F\u00fcr Sportbegeisterte , Rafting, Hydrospeed und den Fluss Noce erwarten Kanu hinunter.<\/p>\n<p>Das Val di Sole ist das gr\u00f6\u00dfte Skigebiet im westlichen Trentino, dank den Skigebieten von Marilleva, Folgarida, Madonna di Campiglio, Peio und Passo del Tonale.<\/p>\n<p>Im Winter ist Skifahren die wichtigste Sportart. Es gibt verschiedene M\u00f6glichkeiten, Skifahren, Snowboarden, Langlaufen und Skitouren. Das Tal im Winter bietet andere Aktivit\u00e4ten wie Schneeschuhwandern , Eislaufen und Nordic Walking.<\/p>\n","protected":false},"excerpt":{"rendered":"<p>Das Val di Sole ist ein Tal des Trentino, die von mehreren Bergketten von gro\u00dfer Bedeutung umgeben ist, so wie die Brenta-Dolomiten, Adamello-und Ortler-Cevedale, Presanella. Die Berge sind in Adamello Brenta und Stilfser Joch Nationalpark eingeschlossen. Es gibt sogar zwei Seitent\u00e4ler von seltener Sch\u00f6nheit, Val di Rabbi und Val di Pejo, die spektakul\u00e4r gr\u00fcn sind [&hellip;]<\/p>\n","protected":false},"author":2,"featured_media":0,"parent":0,"menu_order":0,"comment_status":"closed","ping_status":"closed","template":"","meta":[],"yoast_head":"<!-- This site is optimized with the Yoast SEO plugin v16.0.2 - https:\/\/yoast.com\/wordpress\/plugins\/seo\/ -->\n<title>Urlaub in Val di Sole - Trentino<\/title>\n<meta name=\"description\" content=\"Entdecken Sie das Val di Sole, es ist ein Tal des Trentino, Umgeben von den herrlichen Dolomiten von Brenta, Presanella, Adamello, Nationalpark Stilfser.\" \/>\n<meta name=\"robots\" content=\"index, follow, max-snippet:-1, max-image-preview:large, max-video-preview:-1\" \/>\n<link rel=\"canonical\" href=\"https:\/\/www.villaverdevaldisole.it\/de\/val-di-sole\/\" \/>\n<meta property=\"og:locale\" content=\"de_DE\" \/>\n<meta property=\"og:type\" content=\"article\" \/>\n<meta property=\"og:title\" content=\"Urlaub in Val di Sole - Trentino\" \/>\n<meta property=\"og:description\" content=\"Entdecken Sie das Val di Sole, es ist ein Tal des Trentino, Umgeben von den herrlichen Dolomiten von Brenta, Presanella, Adamello, Nationalpark Stilfser.\" \/>\n<meta property=\"og:url\" content=\"https:\/\/www.villaverdevaldisole.it\/de\/val-di-sole\/\" \/>\n<meta property=\"og:site_name\" content=\"Villa Verde - Val di Sole\" \/>\n<meta property=\"article:modified_time\" content=\"2017-03-23T15:47:23+00:00\" \/>\n<meta name=\"twitter:card\" content=\"summary\" \/>\n<meta name=\"twitter:label1\" content=\"Gesch\u00e4tzte Lesezeit\">\n\t<meta name=\"twitter:data1\" content=\"1 Minute\">\n<script type=\"application\/ld+json\" class=\"yoast-schema-graph\">{\"@context\":\"https:\/\/schema.org\",\"@graph\":[{\"@type\":\"WebSite\",\"@id\":\"https:\/\/www.villaverdevaldisole.it\/#website\",\"url\":\"https:\/\/www.villaverdevaldisole.it\/\",\"name\":\"Villa Verde - Val di Sole\",\"description\":\"Il sito degli appartamenti Villa Verde in Val di Sole, Trentino.\",\"potentialAction\":[{\"@type\":\"SearchAction\",\"target\":\"https:\/\/www.villaverdevaldisole.it\/?s={search_term_string}\",\"query-input\":\"required name=search_term_string\"}],\"inLanguage\":\"de-DE\"},{\"@type\":\"WebPage\",\"@id\":\"https:\/\/www.villaverdevaldisole.it\/de\/val-di-sole\/#webpage\",\"url\":\"https:\/\/www.villaverdevaldisole.it\/de\/val-di-sole\/\",\"name\":\"Urlaub in Val di Sole - Trentino\",\"isPartOf\":{\"@id\":\"https:\/\/www.villaverdevaldisole.it\/#website\"},\"datePublished\":\"2016-07-23T11:25:28+00:00\",\"dateModified\":\"2017-03-23T15:47:23+00:00\",\"description\":\"Entdecken Sie das Val di Sole, es ist ein Tal des Trentino, Umgeben von den herrlichen Dolomiten von Brenta, Presanella, Adamello, Nationalpark Stilfser.\",\"breadcrumb\":{\"@id\":\"https:\/\/www.villaverdevaldisole.it\/de\/val-di-sole\/#breadcrumb\"},\"inLanguage\":\"de-DE\",\"potentialAction\":[{\"@type\":\"ReadAction\",\"target\":[\"https:\/\/www.villaverdevaldisole.it\/de\/val-di-sole\/\"]}]},{\"@type\":\"BreadcrumbList\",\"@id\":\"https:\/\/www.villaverdevaldisole.it\/de\/val-di-sole\/#breadcrumb\",\"itemListElement\":[{\"@type\":\"ListItem\",\"position\":1,\"item\":{\"@type\":\"WebPage\",\"@id\":\"https:\/\/www.villaverdevaldisole.it\/de\/\",\"url\":\"https:\/\/www.villaverdevaldisole.it\/de\/\",\"name\":\"Home\"}},{\"@type\":\"ListItem\",\"position\":2,\"item\":{\"@type\":\"WebPage\",\"@id\":\"https:\/\/www.villaverdevaldisole.it\/de\/val-di-sole\/\",\"url\":\"https:\/\/www.villaverdevaldisole.it\/de\/val-di-sole\/\",\"name\":\"Val di Sole\"}}]}]}<\/script>\n<!-- \/ Yoast SEO plugin. -->","_links":{"self":[{"href":"https:\/\/www.villaverdevaldisole.it\/de\/wp-json\/wp\/v2\/pages\/84\/"}],"collection":[{"href":"https:\/\/www.villaverdevaldisole.it\/de\/wp-json\/wp\/v2\/pages\/"}],"about":[{"href":"https:\/\/www.villaverdevaldisole.it\/de\/wp-json\/wp\/v2\/types\/page\/"}],"author":[{"embeddable":true,"href":"https:\/\/www.villaverdevaldisole.it\/de\/wp-json\/wp\/v2\/users\/2\/"}],"replies":[{"embeddable":true,"href":"https:\/\/www.villaverdevaldisole.it\/de\/wp-json\/wp\/v2\/comments\/?post=84"}],"version-history":[{"count":0,"href":"https:\/\/www.villaverdevaldisole.it\/de\/wp-json\/wp\/v2\/pages\/84\/revisions\/"}],"wp:attachment":[{"href":"https:\/\/www.villaverdevaldisole.it\/de\/wp-json\/wp\/v2\/media\/?parent=84"}],"curies":[{"name":"wp","href":"https:\/\/api.w.org\/{rel}","templated":true}]}}