{"id":60,"date":"2016-07-06T12:19:08","date_gmt":"2016-07-06T11:19:08","guid":{"rendered":"http:\/\/villaverdevaldisole.dev\/?page_id=60&#038;lang=pl"},"modified":"2025-03-28T09:20:56","modified_gmt":"2025-03-28T09:20:56","slug":"apartamenty-villa-verde-val-di-sole-trentino","status":"publish","type":"page","link":"https:\/\/www.villaverdevaldisole.it\/pl\/","title":{"rendered":"Home"},"content":{"rendered":"<h1 style=\"text-align: center;\">Willa z apartamentami, gdzie spedzisz swoje gorskie wakacje, w oryginalnym stylu, w samym sercu regionu Trydent.<\/h1>\n<p style=\"text-align: center;\"><strong><em>Blisko Parku Natury Adamello Brenta i Parku Narodowego Stelvio, jedynie 1 km od kolejki narciarskiej Marilleva.<br \/>\n<\/em><\/strong><\/p>\n<ul>\n<li><em>Polaczenie wi-fi GRATIS<\/em><\/li>\n<li style=\"text-align: left;\"><em><span id=\"result_box\" class=\"short_text\" lang=\"pl\"><span class=\"\">podgrzewany<\/span> <span class=\"alt-edited\">przechowalnia sprz\u0119tu narciarskiego<\/span><\/span><\/em><\/li>\n<li style=\"text-align: left;\"><em><span id=\"result_box\" class=\"short_text\" lang=\"pl\"><span class=\"\">du\u017cy ogr\u00f3d<\/span> <span class=\"\">z grillem<\/span><\/span><\/em><\/li>\n<\/ul>\n<p><a href=\"http:\/\/www.villaverdevaldisole.it\/pl\/apartamenty\/\"><strong>Szczegoly dotyczace naszych apartamentow<\/strong><\/a><\/p>\n<p><strong>Polozenie.<\/strong><\/p>\n<p>Willa jest polozona 200 metrow od centrum miasteczka Mezzana, w sercu Val di Sole, zanurzona w zieleni, idealna do spedzenia wygodnie, gorskich wakacji w lecie i zimie.<\/p>\n<p>Budynek polozony jest na slonecznym terenie, nieopodal lasu i trasy rowerowej, 1km od dolnej stacji kolejki narciaskiej Marilleva, dostepnej w 2 minuty bezplatnym ski busem.<\/p>\n<h2>Idealne miejsce na Twoje wakacje<\/h2>\n<p>Znajdziecie wygode, relaks i spokoj niezbedne do wypoczynku w gorach. Odpowiednie miejsce dla rodzin ktore poszukuja wygody i swobody, jak u siebie w domu.<\/p>\n<p>Willa oferuje 6 apartamentow, nowoczesnie wyposazonych, z ogrodem i grillem.<\/p>\n","protected":false},"excerpt":{"rendered":"<p>Willa z apartamentami, gdzie spedzisz swoje gorskie wakacje, w oryginalnym stylu, w samym sercu regionu Trydent. Blisko Parku Natury Adamello Brenta i Parku Narodowego Stelvio, jedynie 1 km od kolejki narciarskiej Marilleva. Polaczenie wi-fi GRATIS podgrzewany przechowalnia sprz\u0119tu narciarskiego du\u017cy ogr\u00f3d z grillem Szczegoly dotyczace naszych apartamentow Polozenie. Willa jest polozona 200 metrow od centrum [&hellip;]<\/p>\n","protected":false},"author":2,"featured_media":0,"parent":0,"menu_order":0,"comment_status":"closed","ping_status":"closed","template":"template-homepage.php","meta":[],"yoast_head":"<!-- This site is optimized with the Yoast SEO plugin v16.0.2 - https:\/\/yoast.com\/wordpress\/plugins\/seo\/ -->\n<title>Noclegi w Dolomitach, Apartamenty w Marilleva - Mezzana: Apartamenty w Val di Sole<\/title>\n<meta name=\"description\" content=\"Szukasz noclegu w Dolomitach w Marilleva - Mezzana? Villa Verde oferuje wykwintne Apartamenty w Val di Sole, w samym Sercu Trentino, nowe i komfortowe.\" \/>\n<meta name=\"robots\" content=\"index, follow, max-snippet:-1, max-image-preview:large, max-video-preview:-1\" \/>\n<link rel=\"canonical\" href=\"https:\/\/www.villaverdevaldisole.it\/pl\/\" \/>\n<meta property=\"og:locale\" content=\"pl_PL\" \/>\n<meta property=\"og:type\" content=\"article\" \/>\n<meta property=\"og:title\" content=\"Noclegi w Dolomitach, Apartamenty w Marilleva - Mezzana: Apartamenty w Val di Sole\" \/>\n<meta property=\"og:description\" content=\"Szukasz noclegu w Dolomitach w Marilleva - Mezzana? Villa Verde oferuje wykwintne Apartamenty w Val di Sole, w samym Sercu Trentino, nowe i komfortowe.\" \/>\n<meta property=\"og:url\" content=\"https:\/\/www.villaverdevaldisole.it\/pl\/\" \/>\n<meta property=\"og:site_name\" content=\"Villa Verde - Val di Sole\" \/>\n<meta property=\"article:modified_time\" content=\"2025-03-28T09:20:56+00:00\" \/>\n<meta name=\"twitter:card\" content=\"summary\" \/>\n<meta name=\"twitter:label1\" content=\"Szacowany czas czytania\">\n\t<meta name=\"twitter:data1\" content=\"1 minuta\">\n<script type=\"application\/ld+json\" class=\"yoast-schema-graph\">{\"@context\":\"https:\/\/schema.org\",\"@graph\":[{\"@type\":\"WebSite\",\"@id\":\"https:\/\/www.villaverdevaldisole.it\/#website\",\"url\":\"https:\/\/www.villaverdevaldisole.it\/\",\"name\":\"Villa Verde - Val di Sole\",\"description\":\"Il sito degli appartamenti Villa Verde in Val di Sole, Trentino.\",\"potentialAction\":[{\"@type\":\"SearchAction\",\"target\":\"https:\/\/www.villaverdevaldisole.it\/?s={search_term_string}\",\"query-input\":\"required name=search_term_string\"}],\"inLanguage\":\"pl-PL\"},{\"@type\":\"WebPage\",\"@id\":\"https:\/\/www.villaverdevaldisole.it\/pl\/#webpage\",\"url\":\"https:\/\/www.villaverdevaldisole.it\/pl\/\",\"name\":\"Noclegi w Dolomitach, Apartamenty w Marilleva - Mezzana: Apartamenty w Val di Sole\",\"isPartOf\":{\"@id\":\"https:\/\/www.villaverdevaldisole.it\/#website\"},\"datePublished\":\"2016-07-06T11:19:08+00:00\",\"dateModified\":\"2025-03-28T09:20:56+00:00\",\"description\":\"Szukasz noclegu w Dolomitach w Marilleva - Mezzana? Villa Verde oferuje wykwintne Apartamenty w Val di Sole, w samym Sercu Trentino, nowe i komfortowe.\",\"breadcrumb\":{\"@id\":\"https:\/\/www.villaverdevaldisole.it\/pl\/#breadcrumb\"},\"inLanguage\":\"pl-PL\",\"potentialAction\":[{\"@type\":\"ReadAction\",\"target\":[\"https:\/\/www.villaverdevaldisole.it\/pl\/\"]}]},{\"@type\":\"BreadcrumbList\",\"@id\":\"https:\/\/www.villaverdevaldisole.it\/pl\/#breadcrumb\",\"itemListElement\":[{\"@type\":\"ListItem\",\"position\":1,\"item\":{\"@type\":\"WebPage\",\"@id\":\"https:\/\/www.villaverdevaldisole.it\/pl\/\",\"url\":\"https:\/\/www.villaverdevaldisole.it\/pl\/\",\"name\":\"Home\"}},{\"@type\":\"ListItem\",\"position\":2,\"item\":{\"@type\":\"WebPage\",\"@id\":\"https:\/\/www.villaverdevaldisole.it\/pl\/\",\"url\":\"https:\/\/www.villaverdevaldisole.it\/pl\/\",\"name\":\"Home\"}}]}]}<\/script>\n<!-- \/ Yoast SEO plugin. -->","_links":{"self":[{"href":"https:\/\/www.villaverdevaldisole.it\/pl\/wp-json\/wp\/v2\/pages\/60\/"}],"collection":[{"href":"https:\/\/www.villaverdevaldisole.it\/pl\/wp-json\/wp\/v2\/pages\/"}],"about":[{"href":"https:\/\/www.villaverdevaldisole.it\/pl\/wp-json\/wp\/v2\/types\/page\/"}],"author":[{"embeddable":true,"href":"https:\/\/www.villaverdevaldisole.it\/pl\/wp-json\/wp\/v2\/users\/2\/"}],"replies":[{"embeddable":true,"href":"https:\/\/www.villaverdevaldisole.it\/pl\/wp-json\/wp\/v2\/comments\/?post=60"}],"version-history":[{"count":0,"href":"https:\/\/www.villaverdevaldisole.it\/pl\/wp-json\/wp\/v2\/pages\/60\/revisions\/"}],"wp:attachment":[{"href":"https:\/\/www.villaverdevaldisole.it\/pl\/wp-json\/wp\/v2\/media\/?parent=60"}],"curies":[{"name":"wp","href":"https:\/\/api.w.org\/{rel}","templated":true}]}}