{"id":88,"date":"2016-07-23T12:30:49","date_gmt":"2016-07-23T11:30:49","guid":{"rendered":"http:\/\/villaverdevaldisole.it\/pl\/?page_id=88"},"modified":"2025-01-14T13:56:13","modified_gmt":"2025-01-14T13:56:13","slug":"kontakty","status":"publish","type":"page","link":"https:\/\/www.villaverdevaldisole.it\/pl\/kontakty\/","title":{"rendered":"Kontakty"},"content":{"rendered":"<h2>Villa Verde\u00a0apartamenty<\/h2>\n<p>Via Dante Alighieri, 1<br \/>\nMezzana Marilleva (TN)<br \/>\nTel. +39 0463.756522<br \/>\n<a href=\"mailto:info@villaverdevaldisole.it\">info@villaverdevaldisole.it<\/a><\/p>\n<p><iframe style=\"border: 0;\" src=\"https:\/\/www.google.com\/maps\/embed?pb=!1m14!1m8!1m3!1d5511.288024607554!2d10.806134!3d46.316907!3m2!1i1024!2i768!4f13.1!3m3!1m2!1s0x4782f61eea865919%3A0xbadbaf0903e1284a!2sHotel+Salvadori+Val+di+Sole!5e0!3m2!1sit!2sit!4v1424171724075\" width=\"100%\" height=\"450\" frameborder=\"0\"><\/iframe><\/p>\n<hr \/>\n<h2>Dojazd do naszego hotelu jest niezwykle prosty.<br \/>\nPost\u0119puj zgodnie z poni\u017cszymi instrukcjami.<\/h2>\n<h3>SAMOCH\u00d3D<\/h3>\n<p>Mezzana po\u0142o\u017cona jest oko\u0142o 50 km od autostrady A22 Brennero \u2013 Modena.<br \/>\nZjed\u017a zjazdem San Michele all\u2019Adige, skr\u0119\u0107 w prawo w drog\u0119 krajow\u0105 nr 43 kierunek Val di Non, a nast\u0119pnie droga krajowa nr 42 kierunek Passo Tonale.<\/p>\n<p>Jad\u0105c od strony p\u00f3\u0142nocno-zachodniej (Mediolan \u2013 Turyn) mo\u017cna dotrze\u0107 do Val di Sole przez Passo del Tonale. W tym przypadku kieruj si\u0119 A4 Mediolan-Wenecja do SERIATE (170 km) zjed\u017a z\u00a0autostrady i jed\u017a za drogowskazami do Passo del Tonale. Po przekroczeniu prze\u0142\u0119czy Passo Tonale zjed\u017a w d\u00f3\u0142 w kierunku Mezzana-Marilleva (15 km).<\/p>\n<h3>\u00a0POCI\u0104G<\/h3>\n<p>Dzi\u0119ki po\u0142\u0105czeniu kolejowemu Trydent-Male-Marilleva 900 Mezzana-Marilleva jest dobrze skomunikowana ze stolic\u0105 regionu \u2013 miastem Trydent (65 km), kt\u00f3re po\u0142o\u017cone jest przy mi\u0119dzynarodowej linii kolejowej Monachium-Rzym.<br \/>\nZ dworca kolejowego Marilleva900 mo\u017cna dotrze\u0107 Mezzany i Marilleva 1400 autobusem lub taks\u00f3wk\u0105.<\/p>\n<h3>SAMOLOT<\/h3>\n<p>Najbli\u017csze mi\u0119dzynarodowe lotniska to:<\/p>\n<ul>\n<li><strong>VERONA<\/strong> (Valerio Catullo \u2013 Km 163 );<\/li>\n<li><strong>MEDIAOLAN<\/strong>\u00a0(Linate \u2013 Km 250 );<\/li>\n<li><strong>MEDIAOLAN<\/strong>\u00a0(Malpensa \u2013 Km 280 );<\/li>\n<li><strong>WENECJA<\/strong>\u00a0(Marco Polo \u2013 Km 240 ).<\/li>\n<\/ul>\n","protected":false},"excerpt":{"rendered":"<p>Villa Verde\u00a0apartamenty Via Dante Alighieri, 1 Mezzana Marilleva (TN) Tel. +39 0463.756522 info@villaverdevaldisole.it Dojazd do naszego hotelu jest niezwykle prosty. Post\u0119puj zgodnie z poni\u017cszymi instrukcjami. SAMOCH\u00d3D Mezzana po\u0142o\u017cona jest oko\u0142o 50 km od autostrady A22 Brennero \u2013 Modena. Zjed\u017a zjazdem San Michele all\u2019Adige, skr\u0119\u0107 w prawo w drog\u0119 krajow\u0105 nr 43 kierunek Val di Non, [&hellip;]<\/p>\n","protected":false},"author":2,"featured_media":0,"parent":0,"menu_order":0,"comment_status":"closed","ping_status":"closed","template":"","meta":[],"yoast_head":"<!-- This site is optimized with the Yoast SEO plugin v16.0.2 - https:\/\/yoast.com\/wordpress\/plugins\/seo\/ -->\n<title>Kontakty - Villa Verde - Val di Sole<\/title>\n<meta name=\"robots\" content=\"index, follow, max-snippet:-1, max-image-preview:large, max-video-preview:-1\" \/>\n<link rel=\"canonical\" href=\"https:\/\/www.villaverdevaldisole.it\/pl\/kontakty\/\" \/>\n<meta property=\"og:locale\" content=\"pl_PL\" \/>\n<meta property=\"og:type\" content=\"article\" \/>\n<meta property=\"og:title\" content=\"Kontakty - Villa Verde - Val di Sole\" \/>\n<meta property=\"og:description\" content=\"Villa Verde\u00a0apartamenty Via Dante Alighieri, 1 Mezzana Marilleva (TN) Tel. +39 0463.756522 info@villaverdevaldisole.it Dojazd do naszego hotelu jest niezwykle prosty. Post\u0119puj zgodnie z poni\u017cszymi instrukcjami. SAMOCH\u00d3D Mezzana po\u0142o\u017cona jest oko\u0142o 50 km od autostrady A22 Brennero \u2013 Modena. Zjed\u017a zjazdem San Michele all\u2019Adige, skr\u0119\u0107 w prawo w drog\u0119 krajow\u0105 nr 43 kierunek Val di Non, [&hellip;]\" \/>\n<meta property=\"og:url\" content=\"https:\/\/www.villaverdevaldisole.it\/pl\/kontakty\/\" \/>\n<meta property=\"og:site_name\" content=\"Villa Verde - Val di Sole\" \/>\n<meta property=\"article:modified_time\" content=\"2025-01-14T13:56:13+00:00\" \/>\n<meta name=\"twitter:card\" content=\"summary\" \/>\n<meta name=\"twitter:label1\" content=\"Szacowany czas czytania\">\n\t<meta name=\"twitter:data1\" content=\"1 minuta\">\n<script type=\"application\/ld+json\" class=\"yoast-schema-graph\">{\"@context\":\"https:\/\/schema.org\",\"@graph\":[{\"@type\":\"WebSite\",\"@id\":\"https:\/\/www.villaverdevaldisole.it\/#website\",\"url\":\"https:\/\/www.villaverdevaldisole.it\/\",\"name\":\"Villa Verde - Val di Sole\",\"description\":\"Il sito degli appartamenti Villa Verde in Val di Sole, Trentino.\",\"potentialAction\":[{\"@type\":\"SearchAction\",\"target\":\"https:\/\/www.villaverdevaldisole.it\/?s={search_term_string}\",\"query-input\":\"required name=search_term_string\"}],\"inLanguage\":\"pl-PL\"},{\"@type\":\"WebPage\",\"@id\":\"https:\/\/www.villaverdevaldisole.it\/pl\/kontakty\/#webpage\",\"url\":\"https:\/\/www.villaverdevaldisole.it\/pl\/kontakty\/\",\"name\":\"Kontakty - Villa Verde - Val di Sole\",\"isPartOf\":{\"@id\":\"https:\/\/www.villaverdevaldisole.it\/#website\"},\"datePublished\":\"2016-07-23T11:30:49+00:00\",\"dateModified\":\"2025-01-14T13:56:13+00:00\",\"breadcrumb\":{\"@id\":\"https:\/\/www.villaverdevaldisole.it\/pl\/kontakty\/#breadcrumb\"},\"inLanguage\":\"pl-PL\",\"potentialAction\":[{\"@type\":\"ReadAction\",\"target\":[\"https:\/\/www.villaverdevaldisole.it\/pl\/kontakty\/\"]}]},{\"@type\":\"BreadcrumbList\",\"@id\":\"https:\/\/www.villaverdevaldisole.it\/pl\/kontakty\/#breadcrumb\",\"itemListElement\":[{\"@type\":\"ListItem\",\"position\":1,\"item\":{\"@type\":\"WebPage\",\"@id\":\"https:\/\/www.villaverdevaldisole.it\/pl\/\",\"url\":\"https:\/\/www.villaverdevaldisole.it\/pl\/\",\"name\":\"Home\"}},{\"@type\":\"ListItem\",\"position\":2,\"item\":{\"@type\":\"WebPage\",\"@id\":\"https:\/\/www.villaverdevaldisole.it\/pl\/kontakty\/\",\"url\":\"https:\/\/www.villaverdevaldisole.it\/pl\/kontakty\/\",\"name\":\"Kontakty\"}}]}]}<\/script>\n<!-- \/ Yoast SEO plugin. -->","_links":{"self":[{"href":"https:\/\/www.villaverdevaldisole.it\/pl\/wp-json\/wp\/v2\/pages\/88\/"}],"collection":[{"href":"https:\/\/www.villaverdevaldisole.it\/pl\/wp-json\/wp\/v2\/pages\/"}],"about":[{"href":"https:\/\/www.villaverdevaldisole.it\/pl\/wp-json\/wp\/v2\/types\/page\/"}],"author":[{"embeddable":true,"href":"https:\/\/www.villaverdevaldisole.it\/pl\/wp-json\/wp\/v2\/users\/2\/"}],"replies":[{"embeddable":true,"href":"https:\/\/www.villaverdevaldisole.it\/pl\/wp-json\/wp\/v2\/comments\/?post=88"}],"version-history":[{"count":0,"href":"https:\/\/www.villaverdevaldisole.it\/pl\/wp-json\/wp\/v2\/pages\/88\/revisions\/"}],"wp:attachment":[{"href":"https:\/\/www.villaverdevaldisole.it\/pl\/wp-json\/wp\/v2\/media\/?parent=88"}],"curies":[{"name":"wp","href":"https:\/\/api.w.org\/{rel}","templated":true}]}}