{"id":91,"date":"2016-07-23T12:34:37","date_gmt":"2016-07-23T11:34:37","guid":{"rendered":"http:\/\/villaverdevaldisole.it\/pl\/?page_id=91"},"modified":"2016-07-23T15:04:01","modified_gmt":"2016-07-23T14:04:01","slug":"rezerwacja","status":"publish","type":"page","link":"https:\/\/www.villaverdevaldisole.it\/pl\/rezerwacja\/","title":{"rendered":"Rezerwacja"},"content":{"rendered":"<p>Napisz:\u00a0<strong><a href=\"mailto:info@villaverdevaldisole.it\">info@villaverdevaldisole.it<\/a><\/strong>, skorzystaj ze\u00a0<strong><a href=\"skype:wellnesshotelsalvadori?call\">Skype<\/a><\/strong>, lub zadzwo\u0144:<strong>\u00a039 +0463,757109<\/strong>.<\/p>\n<p>W przypadku pyta\u0144 zach\u0119camy r\u00f3wnie\u017c do wype\u0142nienia formularza poni\u017cej.<br \/>\nPostaramy si\u0119 odpowiedzie\u0107 tak szybko, jak to mo\u017cliwe.<\/p>\n<div role=\"form\" class=\"wpcf7\" id=\"wpcf7-f94-o1\" lang=\"it-IT\" dir=\"ltr\">\n<div class=\"screen-reader-response\"><p role=\"status\" aria-live=\"polite\" aria-atomic=\"true\"><\/p> <ul><\/ul><\/div>\n<form action=\"\/pl\/wp-json\/wp\/v2\/pages\/91\/#wpcf7-f94-o1\" method=\"post\" class=\"wpcf7-form init\" novalidate=\"novalidate\" data-status=\"init\">\n<div style=\"display: none;\">\n<input type=\"hidden\" name=\"_wpcf7\" value=\"94\" \/>\n<input type=\"hidden\" name=\"_wpcf7_version\" value=\"5.4\" \/>\n<input type=\"hidden\" name=\"_wpcf7_locale\" value=\"it_IT\" \/>\n<input type=\"hidden\" name=\"_wpcf7_unit_tag\" value=\"wpcf7-f94-o1\" \/>\n<input type=\"hidden\" name=\"_wpcf7_container_post\" value=\"0\" \/>\n<input type=\"hidden\" name=\"_wpcf7_posted_data_hash\" value=\"\" \/>\n<input type=\"hidden\" name=\"_wpcf7_recaptcha_response\" value=\"\" \/>\n<\/div>\n<p> Twoje imi\u0119 i nazwisko (wymagane)<br \/>\n    <span class=\"wpcf7-form-control-wrap your-name\"><input type=\"text\" name=\"your-name\" value=\"\" size=\"40\" class=\"wpcf7-form-control wpcf7-text wpcf7-validates-as-required\" aria-required=\"true\" aria-invalid=\"false\" \/><\/span> <\/p>\n<p>Tw\u00f3j e-mail (wymagane)<br \/>\n    <span class=\"wpcf7-form-control-wrap your-email\"><input type=\"email\" name=\"your-email\" value=\"\" size=\"40\" class=\"wpcf7-form-control wpcf7-text wpcf7-email wpcf7-validates-as-required wpcf7-validates-as-email\" aria-required=\"true\" aria-invalid=\"false\" \/><\/span> <\/p>\n<p>Temat<br \/>\n    <span class=\"wpcf7-form-control-wrap your-subject\"><input type=\"text\" name=\"your-subject\" value=\"\" size=\"40\" class=\"wpcf7-form-control wpcf7-text\" aria-invalid=\"false\" \/><\/span> <\/p>\n<p> Twoja wiadomo\u015b\u0107 \/ Twoje zapytanie (w\u0142oski, angielski, niemiecki)<br \/>\n    <span class=\"wpcf7-form-control-wrap your-message\"><textarea name=\"your-message\" cols=\"40\" rows=\"10\" class=\"wpcf7-form-control wpcf7-textarea\" aria-invalid=\"false\"><\/textarea><\/span> <\/p>\n<p><input type=\"submit\" value=\"Wy\u015blij\" class=\"wpcf7-form-control wpcf7-submit\" \/><\/p>\n<div class=\"wpcf7-response-output\" aria-hidden=\"true\"><\/div><\/form><\/div>\n","protected":false},"excerpt":{"rendered":"<p>Napisz:\u00a0info@villaverdevaldisole.it, skorzystaj ze\u00a0Skype, lub zadzwo\u0144:\u00a039 +0463,757109. W przypadku pyta\u0144 zach\u0119camy r\u00f3wnie\u017c do wype\u0142nienia formularza poni\u017cej. Postaramy si\u0119 odpowiedzie\u0107 tak szybko, jak to mo\u017cliwe.<\/p>\n","protected":false},"author":2,"featured_media":0,"parent":0,"menu_order":0,"comment_status":"closed","ping_status":"closed","template":"","meta":[],"yoast_head":"<!-- This site is optimized with the Yoast SEO plugin v16.0.2 - https:\/\/yoast.com\/wordpress\/plugins\/seo\/ -->\n<title>Rezerwacja - Villa Verde - Val di Sole<\/title>\n<meta name=\"robots\" content=\"index, follow, max-snippet:-1, max-image-preview:large, max-video-preview:-1\" \/>\n<link rel=\"canonical\" href=\"https:\/\/www.villaverdevaldisole.it\/pl\/rezerwacja\/\" \/>\n<meta property=\"og:locale\" content=\"pl_PL\" \/>\n<meta property=\"og:type\" content=\"article\" \/>\n<meta property=\"og:title\" content=\"Rezerwacja - Villa Verde - Val di Sole\" \/>\n<meta property=\"og:description\" content=\"Napisz:\u00a0info@villaverdevaldisole.it, skorzystaj ze\u00a0Skype, lub zadzwo\u0144:\u00a039 +0463,757109. W przypadku pyta\u0144 zach\u0119camy r\u00f3wnie\u017c do wype\u0142nienia formularza poni\u017cej. Postaramy si\u0119 odpowiedzie\u0107 tak szybko, jak to mo\u017cliwe.\" \/>\n<meta property=\"og:url\" content=\"https:\/\/www.villaverdevaldisole.it\/pl\/rezerwacja\/\" \/>\n<meta property=\"og:site_name\" content=\"Villa Verde - Val di Sole\" \/>\n<meta property=\"article:modified_time\" content=\"2016-07-23T14:04:01+00:00\" \/>\n<meta name=\"twitter:card\" content=\"summary\" \/>\n<script type=\"application\/ld+json\" class=\"yoast-schema-graph\">{\"@context\":\"https:\/\/schema.org\",\"@graph\":[{\"@type\":\"WebSite\",\"@id\":\"https:\/\/www.villaverdevaldisole.it\/#website\",\"url\":\"https:\/\/www.villaverdevaldisole.it\/\",\"name\":\"Villa Verde - Val di Sole\",\"description\":\"Il sito degli appartamenti Villa Verde in Val di Sole, Trentino.\",\"potentialAction\":[{\"@type\":\"SearchAction\",\"target\":\"https:\/\/www.villaverdevaldisole.it\/?s={search_term_string}\",\"query-input\":\"required name=search_term_string\"}],\"inLanguage\":\"pl-PL\"},{\"@type\":\"WebPage\",\"@id\":\"https:\/\/www.villaverdevaldisole.it\/pl\/rezerwacja\/#webpage\",\"url\":\"https:\/\/www.villaverdevaldisole.it\/pl\/rezerwacja\/\",\"name\":\"Rezerwacja - Villa Verde - Val di Sole\",\"isPartOf\":{\"@id\":\"https:\/\/www.villaverdevaldisole.it\/#website\"},\"datePublished\":\"2016-07-23T11:34:37+00:00\",\"dateModified\":\"2016-07-23T14:04:01+00:00\",\"breadcrumb\":{\"@id\":\"https:\/\/www.villaverdevaldisole.it\/pl\/rezerwacja\/#breadcrumb\"},\"inLanguage\":\"pl-PL\",\"potentialAction\":[{\"@type\":\"ReadAction\",\"target\":[\"https:\/\/www.villaverdevaldisole.it\/pl\/rezerwacja\/\"]}]},{\"@type\":\"BreadcrumbList\",\"@id\":\"https:\/\/www.villaverdevaldisole.it\/pl\/rezerwacja\/#breadcrumb\",\"itemListElement\":[{\"@type\":\"ListItem\",\"position\":1,\"item\":{\"@type\":\"WebPage\",\"@id\":\"https:\/\/www.villaverdevaldisole.it\/pl\/\",\"url\":\"https:\/\/www.villaverdevaldisole.it\/pl\/\",\"name\":\"Home\"}},{\"@type\":\"ListItem\",\"position\":2,\"item\":{\"@type\":\"WebPage\",\"@id\":\"https:\/\/www.villaverdevaldisole.it\/pl\/rezerwacja\/\",\"url\":\"https:\/\/www.villaverdevaldisole.it\/pl\/rezerwacja\/\",\"name\":\"Rezerwacja\"}}]}]}<\/script>\n<!-- \/ Yoast SEO plugin. -->","_links":{"self":[{"href":"https:\/\/www.villaverdevaldisole.it\/pl\/wp-json\/wp\/v2\/pages\/91\/"}],"collection":[{"href":"https:\/\/www.villaverdevaldisole.it\/pl\/wp-json\/wp\/v2\/pages\/"}],"about":[{"href":"https:\/\/www.villaverdevaldisole.it\/pl\/wp-json\/wp\/v2\/types\/page\/"}],"author":[{"embeddable":true,"href":"https:\/\/www.villaverdevaldisole.it\/pl\/wp-json\/wp\/v2\/users\/2\/"}],"replies":[{"embeddable":true,"href":"https:\/\/www.villaverdevaldisole.it\/pl\/wp-json\/wp\/v2\/comments\/?post=91"}],"version-history":[{"count":0,"href":"https:\/\/www.villaverdevaldisole.it\/pl\/wp-json\/wp\/v2\/pages\/91\/revisions\/"}],"wp:attachment":[{"href":"https:\/\/www.villaverdevaldisole.it\/pl\/wp-json\/wp\/v2\/media\/?parent=91"}],"curies":[{"name":"wp","href":"https:\/\/api.w.org\/{rel}","templated":true}]}}